{"id":670,"date":"2020-12-14T12:08:48","date_gmt":"2020-12-14T12:08:48","guid":{"rendered":"https:\/\/kingdomfamily.de\/?page_id=670"},"modified":"2026-01-12T11:47:36","modified_gmt":"2026-01-12T11:47:36","slug":"familientag","status":"publish","type":"page","link":"https:\/\/kingdomfamily.de\/?page_id=670","title":{"rendered":"Familientag"},"content":{"rendered":"<div data-colibri-id=\"670-c1\" class=\"style-887 style-local-670-c1 position-relative\">\n  <!---->\n  <div data-colibri-component=\"section\" data-colibri-id=\"670-c2\" id=\"blank\" class=\"h-section h-section-global-spacing d-flex align-items-lg-center align-items-md-center align-items-center style-1300 style-local-670-c2 position-relative\">\n    <!---->\n    <!---->\n    <div class=\"h-section-grid-container h-section-boxed-container\">\n      <!---->\n      <div data-colibri-id=\"670-c3\" class=\"h-row-container gutters-row-lg-2 gutters-row-md-2 gutters-row-0 gutters-row-v-lg-2 gutters-row-v-md-2 gutters-row-v-2 style-1301 style-local-670-c3 position-relative\">\n        <!---->\n        <div class=\"h-row justify-content-lg-center justify-content-md-center justify-content-center align-items-lg-stretch align-items-md-stretch align-items-stretch gutters-col-lg-2 gutters-col-md-2 gutters-col-0 gutters-col-v-lg-2 gutters-col-v-md-2 gutters-col-v-2\">\n          <!---->\n          <div class=\"h-column h-column-container d-flex h-col-lg-auto h-col-md-auto h-col-auto style-1303-outer style-local-670-c4-outer\">\n            <div data-colibri-id=\"670-c4\" class=\"d-flex h-flex-basis h-column__inner h-px-lg-2 h-px-md-2 h-px-2 v-inner-lg-2 v-inner-md-2 v-inner-2 style-1303 style-local-670-c4 position-relative\">\n              <!---->\n              <!---->\n              <div class=\"w-100 h-y-container h-column__content h-column__v-align flex-basis-100 align-self-lg-start align-self-md-start align-self-start\">\n                <!---->\n                <div data-colibri-id=\"670-c5\" class=\"h-global-transition-all h-heading style-1308 style-local-670-c5 position-relative h-element\">\n                  <!---->\n                  <div class=\"h-heading__outer style-1308 style-local-670-c5\">\n                    <!---->\n                    <!---->\n                    <h1 class=\"\"><span style=\"font-size: 101%;\">FAMILIENTAG<\/span><\/h1>\n                  <\/div>\n                <\/div>\n              <\/div>\n            <\/div>\n          <\/div>\n        <\/div>\n      <\/div>\n    <\/div>\n  <\/div>\n  <div data-colibri-component=\"section\" data-colibri-id=\"670-c10\" id=\"reusable-sections\" class=\"h-section h-section-global-spacing d-flex align-items-lg-center align-items-md-center align-items-center style-888 style-local-670-c10 position-relative\">\n    <!---->\n    <!---->\n    <div class=\"h-section-grid-container h-section-boxed-container\">\n      <!---->\n      <div data-colibri-id=\"670-c11\" class=\"h-row-container gutters-row-lg-0 gutters-row-md-0 gutters-row-0 gutters-row-v-lg-0 gutters-row-v-md-0 gutters-row-v-0 style-889 style-local-670-c11 position-relative\">\n        <!---->\n        <div class=\"h-row justify-content-lg-center justify-content-md-center justify-content-center align-items-lg-stretch align-items-md-stretch align-items-stretch gutters-col-lg-0 gutters-col-md-0 gutters-col-0 gutters-col-v-lg-0 gutters-col-v-md-0 gutters-col-v-0\">\n          <!---->\n          <div class=\"h-column h-column-container d-flex h-col-lg-4 h-col-md-4 h-col-12 style-890-outer style-local-670-c12-outer\">\n            <div data-colibri-id=\"670-c12\" class=\"d-flex h-flex-basis h-column__inner h-px-lg-3 h-px-md-3 h-px-2 v-inner-lg-3 v-inner-md-3 v-inner-2 style-890 style-local-670-c12 position-relative\">\n              <!---->\n              <!---->\n              <div class=\"w-100 h-y-container h-column__content h-column__v-align flex-basis-100 align-self-lg-start align-self-md-start align-self-start\">\n                <!---->\n                <div data-colibri-id=\"670-c13\" class=\"h-icon style-891 style-local-670-c13 position-relative h-element\">\n                  <!----><span class=\"h-svg-icon h-icon__icon style-891-icon style-local-670-c13-icon\"><!--Icon by Font Awesome (https:\/\/fontawesome.com)--><svg version=\"1.1\" xmlns=\"http:\/\/www.w3.org\/2000\/svg\" xmlns:xlink=\"http:\/\/www.w3.org\/1999\/xlink\" id=\"info\" viewBox=\"0 0 1011.9142 1896.0833\"><path d=\"M640 1344v128q0 26-19 45t-45 19H64q-26 0-45-19t-19-45v-128q0-26 19-45t45-19h64V896H64q-26 0-45-19T0 832V704q0-26 19-45t45-19h384q26 0 45 19t19 45v576h64q26 0 45 19t19 45zM512 192v192q0 26-19 45t-45 19H192q-26 0-45-19t-19-45V192q0-26 19-45t45-19h256q26 0 45 19t19 45z\"><\/path><\/svg><\/span><\/div>\n                <div\n                  data-colibri-id=\"670-c14\" class=\"h-global-transition-all h-heading style-892 style-local-670-c14 position-relative h-element\">\n                  <!---->\n                  <div class=\"h-heading__outer style-892 style-local-670-c14\">\n                    <!---->\n                    <!---->\n                    <h5 class=\"\"><span style=\"font-weight: 700; font-size: 120%;\">SEMINARDATEN<\/span><\/h5>\n                  <\/div>\n              <\/div>\n              <div data-colibri-id=\"670-c15\" class=\"h-text h-text-component style-1921 style-local-670-c15 position-relative h-element\">\n                <!---->\n                <!---->\n                <div class=\"\">\n                  <p><strong style=\"font-weight: 700;\">14.11.2026<\/strong><\/p>\n                  <p><span style=\"font-weight: 500;\">Die Kraft des Kreuzes <\/span><\/p>\n                  <p>10:30 bis 16:30 Uhr<\/p>\n                  <p>\n                    <br>\n                  <\/p>\n                  <p>\n                    <br>\n                  <\/p>\n                <\/div>\n              <\/div>\n            <\/div>\n          <\/div>\n        <\/div>\n        <div class=\"h-column h-column-container d-flex h-col-lg-4 h-col-md-4 h-col-12 style-894-outer style-local-670-c16-outer\">\n          <div data-colibri-id=\"670-c16\" class=\"d-flex h-flex-basis h-column__inner h-px-lg-3 h-px-md-3 h-px-3 v-inner-lg-3 v-inner-md-3 v-inner-3 style-894 style-local-670-c16 position-relative\">\n            <!---->\n            <!---->\n            <div class=\"w-100 h-y-container h-column__content h-column__v-align flex-basis-100 align-self-lg-start align-self-md-start align-self-start\">\n              <!---->\n              <div data-colibri-id=\"670-c17\" class=\"h-icon style-895 style-local-670-c17 position-relative h-element\">\n                <!----><span class=\"h-svg-icon h-icon__icon style-895-icon style-local-670-c17-icon\"><!--Icon by Ionicons (https:\/\/ionicons.com)--><svg version=\"1.1\" xmlns=\"http:\/\/www.w3.org\/2000\/svg\" xmlns:xlink=\"http:\/\/www.w3.org\/1999\/xlink\" id=\"ios-location-outline\" viewBox=\"0 0 288 512\"><path d=\"M144 48c-34 0-67 13-91 37s-37 57-37 91c0 43 24 107 70 186 22 38 44 72 58 91 14-19 36-53 58-91 46-79 70-143 70-186 0-34-13-67-37-91s-57-37-91-37zm0-16c80 0 144 64 144 144 0 112-144 304-144 304S0 288 0 176C0 96 64 32 144 32zm0 80c35 0 64 29 64 64s-29 64-64 64-64-29-64-64 29-64 64-64zm0 111c26 0 47-21 47-47s-21-47-47-47-47 21-47 47 21 47 47 47z\"><\/path><\/svg><\/span><\/div>\n              <div\n                data-colibri-id=\"670-c18\" class=\"h-global-transition-all h-heading style-896 style-local-670-c18 position-relative h-element\">\n                <!---->\n                <div class=\"h-heading__outer style-896 style-local-670-c18\">\n                  <!---->\n                  <!---->\n                  <h5 class=\"\"><span style=\"font-weight: 700; font-size: 120%;\">VERANSTALTUNGSORT<\/span><\/h5>\n                <\/div>\n            <\/div>\n            <div data-colibri-id=\"670-c19\" class=\"h-text h-text-component style-897 style-local-670-c19 position-relative h-element\">\n              <!---->\n              <!---->\n              <div class=\"\">\n                <p><span style=\"font-size: 101%;\">Kingdom Family &#8211; Kingdom Impact<\/span><\/p>\n                <p><span style=\"font-size: 101%;\">Akazienweg 1<\/span><\/p>\n                <p><span style=\"font-size: 101%;\">88630 Pfullendorf \u2013 Denkingen<\/span><\/p>\n                <p>\n                  <br>\n                <\/p>\n              <\/div>\n            <\/div>\n          <\/div>\n        <\/div>\n      <\/div>\n      <div class=\"h-column h-column-container d-flex h-col-lg-4 h-col-md-4 h-col-12 style-898-outer style-local-670-c20-outer\">\n        <div data-colibri-id=\"670-c20\" class=\"d-flex h-flex-basis h-column__inner h-px-lg-3 h-px-md-3 h-px-3 v-inner-lg-3 v-inner-md-3 v-inner-3 style-898 style-local-670-c20 position-relative\">\n          <!---->\n          <!---->\n          <div class=\"w-100 h-y-container h-column__content h-column__v-align flex-basis-100 align-self-lg-start align-self-md-start align-self-start\">\n            <!---->\n            <div data-colibri-id=\"670-c21\" class=\"h-icon style-899 style-local-670-c21 position-relative h-element\">\n              <!----><span class=\"h-svg-icon h-icon__icon style-899-icon style-local-670-c21-icon\"><!--Icon by Font Awesome (https:\/\/fontawesome.com)--><svg version=\"1.1\" xmlns=\"http:\/\/www.w3.org\/2000\/svg\" xmlns:xlink=\"http:\/\/www.w3.org\/1999\/xlink\" id=\"money\" viewBox=\"0 0 1920 1896.0833\"><path d=\"M768 1152h384v-96h-128V608H910L762 745l77 80q42-37 55-57h2v288H768v96zm512-256q0 70-21 142t-59.5 134-101.5 101-138 39-138-39-101.5-101-59.5-134-21-142 21-142 59.5-134T822 519t138-39 138 39 101.5 101 59.5 134 21 142zm512 256V640q-106 0-181-75t-75-181H384q0 106-75 181t-181 75v512q106 0 181 75t75 181h1152q0-106 75-181t181-75zm128-832v1152q0 26-19 45t-45 19H64q-26 0-45-19t-19-45V320q0-26 19-45t45-19h1792q26 0 45 19t19 45z\"><\/path><\/svg><\/span><\/div>\n            <div\n              data-colibri-id=\"670-c22\" class=\"h-global-transition-all h-heading style-900 style-local-670-c22 position-relative h-element\">\n              <!---->\n              <div class=\"h-heading__outer style-900 style-local-670-c22\">\n                <!---->\n                <!---->\n                <h5 class=\"\"><strong style=\"font-size: 120%; font-weight: 700;\">SEMINARGEB\u00dcHREN<\/strong><\/h5>\n              <\/div>\n          <\/div>\n          <div data-colibri-id=\"670-c23\" class=\"h-text h-text-component style-1896 style-local-670-c23 position-relative h-element\">\n            <!---->\n            <!---->\n            <div class=\"\">\n              <p><strong style=\"font-weight: 700;\">EUR 75,-<\/strong><\/p>\n              <p>(als Familie, inklusive aller Materialien)<\/p>\n              <p>\n                <br>\n              <\/p>\n              <p>Die Einsendung der Bewerbungsunterlagen ist unverbindlich. Bei einer Zusage unsererseits wird die Teilnahme vom Bewerber durch \u00dcberweisung der Seminargeb\u00fchr best\u00e4tigt.<\/p>\n              <p>\n                <br>\n              <\/p>\n              <p>Im Falle einer Absage NACH Best\u00e4tigung durch den Bewerber wird eine Bearbeitungsgeb\u00fchr von EUR 30,- einbehalten.<\/p>\n              <p>\n                <br>\n              <\/p>\n              <p><span style=\"color: rgb(2, 16, 62); font-family: Montserrat; font-size: 16px; font-weight: 400;\">Die ausgef\u00fcllten Bewerbungsunterlagen bitte per E-Mail an&nbsp;<\/span><span style=\"color: rgb(2, 16, 62); font-family: Montserrat; font-size: 16px; font-weight: 600;\">familien@kingdomimpact.org&nbsp;<\/span>\n                <span\n                  style=\"color: rgb(2, 16, 62); font-family: Montserrat; font-size: 16px; font-weight: 400;\">senden.<\/span>\n              <\/p>\n            <\/div>\n          <\/div>\n          <div data-colibri-id=\"670-c24\" class=\"h-x-container style-916 style-local-670-c24 position-relative h-element\">\n            <!---->\n            <div class=\"h-x-container-inner style-dynamic-670-c24-group style-916-spacing style-local-670-c24-spacing\"><span class=\"h-button__outer style-917-outer style-local-670-c25-outer d-inline-flex h-element\"><a h-use-smooth-scroll=\"true\" href=\"https:\/\/kingdomfamily.de\/wp-content\/uploads\/2025\/08\/Bewerbungsbogen-Familientag.docx\" target=\"_blank\" data-colibri-id=\"670-c25\" class=\"d-flex w-100 align-items-center h-button justify-content-lg-center justify-content-md-center justify-content-center style-917 style-local-670-c25 position-relative\" rel=\"noopener\"><!----><!----> <span>Jetzt bewerben<\/span><\/a>\n              <\/span>\n            <\/div>\n          <\/div>\n        <\/div>\n      <\/div>\n    <\/div>\n  <\/div>\n<\/div>\n<\/div>\n<\/div>\n<\/div>","protected":false},"excerpt":{"rendered":"<p>FAMILIENTAG SEMINARDATEN 14.11.2026 Die Kraft des Kreuzes 10:30 bis 16:30 Uhr VERANSTALTUNGSORT Kingdom Family &#8211; Kingdom Impact Akazienweg 1 88630 Pfullendorf \u2013 Denkingen SEMINARGEB\u00dcHREN EUR 75,- (als Familie, inklusive aller Materialien) Die Einsendung der Bewerbungsunterlagen ist unverbindlich. Bei einer Zusage unsererseits wird die Teilnahme vom Bewerber durch \u00dcberweisung der Seminargeb\u00fchr best\u00e4tigt. Im Falle einer Absage [&hellip;]<\/p>\n","protected":false},"author":2,"featured_media":0,"parent":0,"menu_order":0,"comment_status":"closed","ping_status":"closed","template":"page-templates\/full-width-page.php","meta":[],"_links":{"self":[{"href":"https:\/\/kingdomfamily.de\/index.php?rest_route=\/wp\/v2\/pages\/670"}],"collection":[{"href":"https:\/\/kingdomfamily.de\/index.php?rest_route=\/wp\/v2\/pages"}],"about":[{"href":"https:\/\/kingdomfamily.de\/index.php?rest_route=\/wp\/v2\/types\/page"}],"author":[{"embeddable":true,"href":"https:\/\/kingdomfamily.de\/index.php?rest_route=\/wp\/v2\/users\/2"}],"replies":[{"embeddable":true,"href":"https:\/\/kingdomfamily.de\/index.php?rest_route=%2Fwp%2Fv2%2Fcomments&post=670"}],"version-history":[{"count":20,"href":"https:\/\/kingdomfamily.de\/index.php?rest_route=\/wp\/v2\/pages\/670\/revisions"}],"predecessor-version":[{"id":4913,"href":"https:\/\/kingdomfamily.de\/index.php?rest_route=\/wp\/v2\/pages\/670\/revisions\/4913"}],"wp:attachment":[{"href":"https:\/\/kingdomfamily.de\/index.php?rest_route=%2Fwp%2Fv2%2Fmedia&parent=670"}],"curies":[{"name":"wp","href":"https:\/\/api.w.org\/{rel}","templated":true}]}}