{"id":517,"date":"2020-12-11T11:09:03","date_gmt":"2020-12-11T11:09:03","guid":{"rendered":"https:\/\/kingdomfamily.de\/?page_id=517"},"modified":"2025-11-17T08:44:05","modified_gmt":"2025-11-17T08:44:05","slug":"vaeter","status":"publish","type":"page","link":"https:\/\/kingdomfamily.de\/?page_id=517","title":{"rendered":"V\u00e4ter"},"content":{"rendered":"<div data-colibri-id=\"517-c1\" class=\"style-817 style-local-517-c1 position-relative\">\n  <!---->\n  <div data-colibri-component=\"section\" data-colibri-id=\"517-c2\" id=\"blank\" class=\"h-section h-section-global-spacing d-flex align-items-lg-center align-items-md-center align-items-center style-1346 style-local-517-c2 position-relative\">\n    <!---->\n    <!---->\n    <div class=\"h-section-grid-container h-section-boxed-container\">\n      <!---->\n      <div data-colibri-id=\"517-c3\" class=\"h-row-container gutters-row-lg-2 gutters-row-md-2 gutters-row-0 gutters-row-v-lg-2 gutters-row-v-md-2 gutters-row-v-2 style-1347 style-local-517-c3 position-relative\">\n        <!---->\n        <div class=\"h-row justify-content-lg-center justify-content-md-center justify-content-center align-items-lg-stretch align-items-md-stretch align-items-stretch gutters-col-lg-2 gutters-col-md-2 gutters-col-0 gutters-col-v-lg-2 gutters-col-v-md-2 gutters-col-v-2\">\n          <!---->\n          <div class=\"h-column h-column-container d-flex h-col-lg-auto h-col-md-auto h-col-auto style-1349-outer style-local-517-c4-outer\">\n            <div data-colibri-id=\"517-c4\" class=\"d-flex h-flex-basis h-column__inner h-px-lg-2 h-px-md-2 h-px-2 v-inner-lg-2 v-inner-md-2 v-inner-2 style-1349 style-local-517-c4 position-relative\">\n              <!---->\n              <!---->\n              <div class=\"w-100 h-y-container h-column__content h-column__v-align flex-basis-100 align-self-lg-start align-self-md-start align-self-start\">\n                <!---->\n                <div data-colibri-id=\"517-c5\" class=\"h-global-transition-all h-heading style-1354 style-local-517-c5 position-relative h-element\">\n                  <!---->\n                  <div class=\"h-heading__outer style-1354 style-local-517-c5\">\n                    <!---->\n                    <!---->\n                    <h1 class=\"\">V\u00c4TER<\/h1>\n                  <\/div>\n                <\/div>\n                <div data-colibri-id=\"517-c26\" class=\"h-global-transition-all h-heading style-2289 style-local-517-c26 position-relative h-element\">\n                  <!---->\n                  <div class=\"h-heading__outer style-2289 style-local-517-c26\">\n                    <!---->\n                    <!---->\n                    <h1 class=\"\">berufen, bef\u00e4higt, geliebt<\/h1>\n                  <\/div>\n                <\/div>\n              <\/div>\n            <\/div>\n          <\/div>\n        <\/div>\n      <\/div>\n    <\/div>\n  <\/div>\n  <div data-colibri-component=\"section\" data-colibri-id=\"517-c10\" id=\"reusable-sections\" class=\"h-section h-section-global-spacing d-flex align-items-lg-center align-items-md-center align-items-center style-818 style-local-517-c10 position-relative\">\n    <!---->\n    <!---->\n    <div class=\"h-section-grid-container h-section-boxed-container\">\n      <!---->\n      <div data-colibri-id=\"517-c11\" class=\"h-row-container gutters-row-lg-0 gutters-row-md-0 gutters-row-0 gutters-row-v-lg-0 gutters-row-v-md-0 gutters-row-v-0 style-819 style-local-517-c11 position-relative\">\n        <!---->\n        <div class=\"h-row justify-content-lg-center justify-content-md-center justify-content-center align-items-lg-stretch align-items-md-stretch align-items-stretch gutters-col-lg-0 gutters-col-md-0 gutters-col-0 gutters-col-v-lg-0 gutters-col-v-md-0 gutters-col-v-0\">\n          <!---->\n          <div class=\"h-column h-column-container d-flex h-col-lg-4 h-col-md-4 h-col-12 style-820-outer style-local-517-c12-outer\">\n            <div data-colibri-id=\"517-c12\" class=\"d-flex h-flex-basis h-column__inner h-px-lg-3 h-px-md-3 h-px-2 v-inner-lg-3 v-inner-md-3 v-inner-2 style-820 style-local-517-c12 position-relative\">\n              <!---->\n              <!---->\n              <div class=\"w-100 h-y-container h-column__content h-column__v-align flex-basis-100 align-self-lg-start align-self-md-start align-self-start\">\n                <!---->\n                <div data-colibri-id=\"517-c13\" class=\"h-icon style-821 style-local-517-c13 position-relative h-element\">\n                  <!----><span class=\"h-svg-icon h-icon__icon style-821-icon style-local-517-c13-icon\"><!--Icon by Font Awesome (https:\/\/fontawesome.com)--><svg version=\"1.1\" xmlns=\"http:\/\/www.w3.org\/2000\/svg\" xmlns:xlink=\"http:\/\/www.w3.org\/1999\/xlink\" id=\"info\" viewBox=\"0 0 1011.9142 1896.0833\"><path d=\"M640 1344v128q0 26-19 45t-45 19H64q-26 0-45-19t-19-45v-128q0-26 19-45t45-19h64V896H64q-26 0-45-19T0 832V704q0-26 19-45t45-19h384q26 0 45 19t19 45v576h64q26 0 45 19t19 45zM512 192v192q0 26-19 45t-45 19H192q-26 0-45-19t-19-45V192q0-26 19-45t45-19h256q26 0 45 19t19 45z\"><\/path><\/svg><\/span><\/div>\n                <div\n                  data-colibri-id=\"517-c14\" class=\"h-global-transition-all h-heading style-822 style-local-517-c14 position-relative h-element\">\n                  <!---->\n                  <div class=\"h-heading__outer style-822 style-local-517-c14\">\n                    <!---->\n                    <!---->\n                    <h5 class=\"\"><strong style=\"font-size: 100%; font-weight: 700;\">SEMINARDATEN<\/strong><\/h5>\n                  <\/div>\n              <\/div>\n              <div data-colibri-id=\"517-c15\" class=\"h-text h-text-component style-823 style-local-517-c15 position-relative h-element\">\n                <!---->\n                <!---->\n                <div class=\"\">\n                  <p><strong style=\"font-weight: 700;\">20.01.2026<\/strong><\/p>\n                  <p><strong style=\"font-weight: 700;\">10.02.2026<\/strong><\/p>\n                  <p><strong style=\"font-weight: 700;\">03.03.2026<\/strong><\/p>\n                  <p><strong style=\"font-weight: 700;\">24.03.2026<\/strong><\/p>\n                  <p>\n                    <br>\n                  <\/p>\n                  <p><span style=\"font-weight: 500;\">online<\/span><\/p>\n                  <p>von 19:30 bis 21:00 Uhr<\/p>\n                  <p>\n                    <br>\n                  <\/p>\n                  <p>Die Teilnahme an allen vier Abenden ist obligatorisch.<\/p>\n                  <p>Es ist nicht m\u00f6glich an einzelnen Tagen zu fehlen.<\/p>\n                <\/div>\n              <\/div>\n            <\/div>\n          <\/div>\n        <\/div>\n        <div class=\"h-column h-column-container d-flex h-col-lg-4 h-col-md-4 h-col-12 style-824-outer style-local-517-c16-outer\">\n          <div data-colibri-id=\"517-c16\" class=\"d-flex h-flex-basis h-column__inner h-px-lg-3 h-px-md-3 h-px-3 v-inner-lg-3 v-inner-md-3 v-inner-3 style-824 style-local-517-c16 position-relative\">\n            <!---->\n            <!---->\n            <div class=\"w-100 h-y-container h-column__content h-column__v-align flex-basis-100 align-self-lg-start align-self-md-start align-self-start\">\n              <!---->\n              <div data-colibri-id=\"517-c17\" class=\"h-icon style-825 style-local-517-c17 position-relative h-element\">\n                <!----><span class=\"h-svg-icon h-icon__icon style-825-icon style-local-517-c17-icon\"><!--Icon by Ionicons (https:\/\/ionicons.com)--><svg version=\"1.1\" xmlns=\"http:\/\/www.w3.org\/2000\/svg\" xmlns:xlink=\"http:\/\/www.w3.org\/1999\/xlink\" id=\"ios-location-outline\" viewBox=\"0 0 288 512\"><path d=\"M144 48c-34 0-67 13-91 37s-37 57-37 91c0 43 24 107 70 186 22 38 44 72 58 91 14-19 36-53 58-91 46-79 70-143 70-186 0-34-13-67-37-91s-57-37-91-37zm0-16c80 0 144 64 144 144 0 112-144 304-144 304S0 288 0 176C0 96 64 32 144 32zm0 80c35 0 64 29 64 64s-29 64-64 64-64-29-64-64 29-64 64-64zm0 111c26 0 47-21 47-47s-21-47-47-47-47 21-47 47 21 47 47 47z\"><\/path><\/svg><\/span><\/div>\n              <div\n                data-colibri-id=\"517-c18\" class=\"h-global-transition-all h-heading style-826 style-local-517-c18 position-relative h-element\">\n                <!---->\n                <div class=\"h-heading__outer style-826 style-local-517-c18\">\n                  <!---->\n                  <!---->\n                  <h5 class=\"\"><strong style=\"font-weight: 700;\">VERANSTALTUNGSORT<\/strong><\/h5>\n                <\/div>\n            <\/div>\n            <div data-colibri-id=\"517-c19\" class=\"h-text h-text-component style-827 style-local-517-c19 position-relative h-element\">\n              <!---->\n              <!---->\n              <div class=\"\">\n                <p><span style=\"font-size: 16.16px; font-weight: 600; font-family: Montserrat; color: rgb(255, 255, 255);\">Die Veranstaltung findet <\/span>\n                  <u style=\"font-size: 16.16px; font-weight: 600; font-family: Montserrat; color: rgb(255, 255, 255);\">online<\/u><span style=\"font-size: 16.16px; font-weight: 600; font-family: Montserrat; color: rgb(255, 255, 255);\"> statt.<\/span><\/p>\n              <\/div>\n            <\/div>\n          <\/div>\n        <\/div>\n      <\/div>\n      <div class=\"h-column h-column-container d-flex h-col-lg-4 h-col-md-4 h-col-12 style-828-outer style-local-517-c20-outer\">\n        <div data-colibri-id=\"517-c20\" class=\"d-flex h-flex-basis h-column__inner h-px-lg-3 h-px-md-3 h-px-3 v-inner-lg-3 v-inner-md-3 v-inner-3 style-828 style-local-517-c20 position-relative\">\n          <!---->\n          <!---->\n          <div class=\"w-100 h-y-container h-column__content h-column__v-align flex-basis-100 align-self-lg-start align-self-md-start align-self-start\">\n            <!---->\n            <div data-colibri-id=\"517-c21\" class=\"h-icon style-829 style-local-517-c21 position-relative h-element\">\n              <!----><span class=\"h-svg-icon h-icon__icon style-829-icon style-local-517-c21-icon\"><!--Icon by Font Awesome (https:\/\/fontawesome.com)--><svg version=\"1.1\" xmlns=\"http:\/\/www.w3.org\/2000\/svg\" xmlns:xlink=\"http:\/\/www.w3.org\/1999\/xlink\" id=\"money\" viewBox=\"0 0 1920 1896.0833\"><path d=\"M768 1152h384v-96h-128V608H910L762 745l77 80q42-37 55-57h2v288H768v96zm512-256q0 70-21 142t-59.5 134-101.5 101-138 39-138-39-101.5-101-59.5-134-21-142 21-142 59.5-134T822 519t138-39 138 39 101.5 101 59.5 134 21 142zm512 256V640q-106 0-181-75t-75-181H384q0 106-75 181t-181 75v512q106 0 181 75t75 181h1152q0-106 75-181t181-75zm128-832v1152q0 26-19 45t-45 19H64q-26 0-45-19t-19-45V320q0-26 19-45t45-19h1792q26 0 45 19t19 45z\"><\/path><\/svg><\/span><\/div>\n            <div\n              data-colibri-id=\"517-c22\" class=\"h-global-transition-all h-heading style-830 style-local-517-c22 position-relative h-element\">\n              <!---->\n              <div class=\"h-heading__outer style-830 style-local-517-c22\">\n                <!---->\n                <!---->\n                <h5 class=\"\"><strong style=\"color: rgb(2, 16, 62); font-weight: 700;\">SEMINARGEB\u00dcHREN<\/strong><\/h5>\n              <\/div>\n          <\/div>\n          <div data-colibri-id=\"517-c23\" class=\"h-text h-text-component style-831 style-local-517-c23 position-relative h-element\">\n            <!---->\n            <!---->\n            <div class=\"\">\n              <p><strong style=\"color: rgb(2, 16, 62); font-weight: 600;\">EUR 60,-<\/strong><\/p>\n              <p>Die entsprechende Bankverbindung senden wir per E-Mail zu.<\/p>\n              <p>\n                <br>\n              <\/p>\n              <p>\n                <br>\n              <\/p>\n              <p>\n                <br>\n              <\/p>\n              <p>\n                <br>\n              <\/p>\n              <p>\n                <br>\n              <\/p>\n              <p><span style=\"font-weight: 600; font-size: 16px; font-family: Montserrat; color: rgb(2, 16, 62);\">Anmeldung \u00fcber das Kontaktformular<\/span><\/p>\n            <\/div>\n          <\/div>\n          <div data-colibri-id=\"517-c24\" class=\"h-x-container style-2135 style-local-517-c24 position-relative h-element\">\n            <!---->\n            <div class=\"h-x-container-inner style-dynamic-517-c24-group style-2135-spacing style-local-517-c24-spacing\"><span class=\"h-button__outer style-2136-outer style-local-517-c25-outer d-inline-flex h-element\"><a h-use-smooth-scroll=\"true\" href=\"https:\/\/kingdomfamily.de\/#kontakt\" target=\"_blank\" data-colibri-id=\"517-c25\" class=\"d-flex w-100 align-items-center h-button justify-content-lg-center justify-content-md-center justify-content-center style-2136 style-local-517-c25 position-relative\" rel=\"noopener\"><!----><!----> <span>jetzt anmelden<\/span><\/a>\n              <\/span>\n            <\/div>\n          <\/div>\n        <\/div>\n      <\/div>\n    <\/div>\n  <\/div>\n<\/div>\n<\/div>\n<\/div>\n<\/div>","protected":false},"excerpt":{"rendered":"<p>V\u00c4TER berufen, bef\u00e4higt, geliebt SEMINARDATEN 20.01.2026 10.02.2026 03.03.2026 24.03.2026 online von 19:30 bis 21:00 Uhr Die Teilnahme an allen vier Abenden ist obligatorisch. Es ist nicht m\u00f6glich an einzelnen Tagen zu fehlen. VERANSTALTUNGSORT Die Veranstaltung findet online statt. SEMINARGEB\u00dcHREN EUR 60,- Die entsprechende Bankverbindung senden wir per E-Mail zu. Anmeldung \u00fcber das Kontaktformular jetzt anmelden<\/p>\n","protected":false},"author":2,"featured_media":0,"parent":0,"menu_order":0,"comment_status":"closed","ping_status":"closed","template":"page-templates\/full-width-page.php","meta":[],"_links":{"self":[{"href":"https:\/\/kingdomfamily.de\/index.php?rest_route=\/wp\/v2\/pages\/517"}],"collection":[{"href":"https:\/\/kingdomfamily.de\/index.php?rest_route=\/wp\/v2\/pages"}],"about":[{"href":"https:\/\/kingdomfamily.de\/index.php?rest_route=\/wp\/v2\/types\/page"}],"author":[{"embeddable":true,"href":"https:\/\/kingdomfamily.de\/index.php?rest_route=\/wp\/v2\/users\/2"}],"replies":[{"embeddable":true,"href":"https:\/\/kingdomfamily.de\/index.php?rest_route=%2Fwp%2Fv2%2Fcomments&post=517"}],"version-history":[{"count":20,"href":"https:\/\/kingdomfamily.de\/index.php?rest_route=\/wp\/v2\/pages\/517\/revisions"}],"predecessor-version":[{"id":4777,"href":"https:\/\/kingdomfamily.de\/index.php?rest_route=\/wp\/v2\/pages\/517\/revisions\/4777"}],"wp:attachment":[{"href":"https:\/\/kingdomfamily.de\/index.php?rest_route=%2Fwp%2Fv2%2Fmedia&parent=517"}],"curies":[{"name":"wp","href":"https:\/\/api.w.org\/{rel}","templated":true}]}}